{"id":11375,"date":"2025-10-16T13:07:15","date_gmt":"2025-10-16T10:07:15","guid":{"rendered":"https:\/\/www.mithrapack.com.tr\/?page_id=11375"},"modified":"2026-03-16T16:56:05","modified_gmt":"2026-03-16T13:56:05","slug":"ambalaj-cozumleri","status":"publish","type":"page","link":"https:\/\/www.mithrapack.com.tr\/de\/ambalaj-cozumleri\/","title":{"rendered":"Verpackungsl\u00f6sungen"},"content":{"rendered":"<div data-elementor-type=\"wp-page\" data-elementor-id=\"11375\" class=\"elementor elementor-11375\" data-elementor-post-type=\"page\">\n\t\t\t\t<div class=\"elementor-element elementor-element-629e5c2 e-flex e-con-boxed e-con e-parent\" data-id=\"629e5c2\" data-element_type=\"container\" data-e-type=\"container\">\n\t\t\t\t\t<div class=\"e-con-inner\">\n\t\t<div class=\"elementor-element elementor-element-71abd8d e-con-full e-flex e-con e-child\" data-id=\"71abd8d\" data-element_type=\"container\" data-e-type=\"container\" data-settings=\"{&quot;background_background&quot;:&quot;classic&quot;}\">\n\t\t<div class=\"elementor-element elementor-element-74f7f8c e-flex e-con-boxed e-con e-child\" data-id=\"74f7f8c\" data-element_type=\"container\" data-e-type=\"container\">\n\t\t\t\t\t<div class=\"e-con-inner\">\n\t\t\t\t<div class=\"elementor-element elementor-element-edba0fd elementor-widget elementor-widget-woocommerce-etheme_breadcrumb\" data-id=\"edba0fd\" data-element_type=\"widget\" data-e-type=\"widget\" data-widget_type=\"woocommerce-etheme_breadcrumb.default\">\n\t\t\t\t<div class=\"elementor-widget-container\">\n\t\t\t\t\t    <div\n            class=\"page-heading bc-type-left2 bc-effect-none bc-color-dark\"\n\t\t    >\n        <div class=\"container\">\n            <div class=\"row\">\n                <div class=\"col-md-12 a-center\">\n\t\t\t\t\t\n\t\t\t\t\t\t\t\t\t\t\n\t\t\t\t\t\t\t\t\t\t\t\n\t\t\t\t\t\t<nav class=\"woocommerce-breadcrumb\" aria-label=\"Breadcrumb\">\t\t\t\t\t\t\n\t\t\t\t\t\t\t\t\t\t\t\t\t\n\t\t\t\t\t\t\t\t\t\t\t\t\t\t\n\t\t\t\t\t\t\t\t\t\t\t\t\t\t\n\t\t\t\t\t\t\t\t\t\t\t\t\t\t\n\t\t\t\t\t\t\t\t\t\t\t\t\t\t\n\t\t\t\t\t\t\t\t\t\t\t\t\t\n\t\t\t\t\t\t\t\t\t\t\t\t\n\t\t\t\t\t\t<h1 class=\"title\" data-no-translation=\"\" data-trp-gettext=\"\">Startseite<\/h1>\t\t\t\t\t\t\n\t\t\t\t\t\t<\/nav>\t\t\t\t\t\n\t\t\t\t\t\t\t\t\t\t\n\t\t\t\t\t<a class=\"back-history\" href=\"javascript: history.go(-1)\">Bir \u00f6nceki sayfaya d\u00f6nmek i\u00e7in t\u0131klay\u0131n\u0131z<\/a>                <\/div>\n            <\/div>\n        <\/div>\n    <\/div>\n\t\n\t\t\t\t\t<\/div>\n\t\t\t\t<\/div>\n\t\t\t\t\t<\/div>\n\t\t\t\t<\/div>\n\t\t<div class=\"elementor-element elementor-element-b8bd024 e-flex e-con-boxed e-con e-child\" data-id=\"b8bd024\" data-element_type=\"container\" data-e-type=\"container\">\n\t\t\t\t\t<div class=\"e-con-inner\">\n\t\t<div class=\"elementor-element elementor-element-43859c2 e-con-full e-flex e-con e-child\" data-id=\"43859c2\" data-element_type=\"container\" data-e-type=\"container\">\n\t\t\t\t<div class=\"elementor-element elementor-element-ef07aa2 elementor-widget__width-inherit elementor-widget-tablet__width-inherit elementor-mobile-align-start elementor-hidden-tablet elementor-hidden-mobile elementor-icon-list--layout-traditional elementor-list-item-link-full_width elementor-widget elementor-widget-icon-list\" data-id=\"ef07aa2\" data-element_type=\"widget\" data-e-type=\"widget\" data-widget_type=\"icon-list.default\">\n\t\t\t\t\t\t\t<ul class=\"elementor-icon-list-items\">\n\t\t\t\t\t\t\t<li class=\"elementor-icon-list-item\">\n\t\t\t\t\t\t\t\t\t\t<span class=\"elementor-icon-list-text\">Dayan\u0131kl\u0131 ve \u00e7evre dostu ambalajlarla \u00fcr\u00fcnlerinizi koruyor, markan\u0131z\u0131 \u00f6ne \u00e7\u0131kar\u0131yoruz.<\/span>\n\t\t\t\t\t\t\t\t\t<\/li>\n\t\t\t\t\t\t<\/ul>\n\t\t\t\t\t\t<\/div>\n\t\t\t\t<div class=\"elementor-element elementor-element-acc9f80 elementor-widget__width-inherit elementor-widget-tablet__width-inherit elementor-widget elementor-widget-text-editor\" data-id=\"acc9f80\" data-element_type=\"widget\" data-e-type=\"widget\" data-widget_type=\"text-editor.default\">\n\t\t\t\t\t\t\t\t\t<p>Sekt\u00f6rel t\u00fcm ambalaj ihtiya\u00e7lar\u0131n\u0131za yan\u0131t veren geni\u015f \u00fcr\u00fcn yelpazemizle, dayan\u0131kl\u0131 ve \u00e7evre dostu \u00e7\u00f6z\u00fcmler sunuyoruz. \u00dcr\u00fcnlerinizin g\u00fcvenli\u011fini ve kalitesini korurken marka de\u011ferinizin g\u00fc\u00e7lenmesine katk\u0131 sa\u011flayarak raflarda \u00f6ne \u00e7\u0131kman\u0131z\u0131 sa\u011fl\u0131yoruz.<\/p>\t\t\t\t\t\t\t\t<\/div>\n\t\t<div class=\"elementor-element elementor-element-7778646 e-con-full e-flex e-con e-child\" data-id=\"7778646\" data-element_type=\"container\" data-e-type=\"container\">\n\t\t\t\t<div class=\"elementor-element elementor-element-29ba59e elementor-mobile-align-justify empty-label elementor-widget elementor-widget-button\" data-id=\"29ba59e\" data-element_type=\"widget\" data-e-type=\"widget\" data-widget_type=\"button.default\">\n\t\t\t\t\t\t\t\t\t\t<a class=\"elementor-button elementor-button-link elementor-size-sm\" href=\"https:\/\/www.mithrapack.com.tr\/de\/endustriyel-ambalajlar\/\">\n\t\t\t\t\t\t<span class=\"elementor-button-content-wrapper\">\n\t\t\t\t\t\t<span class=\"elementor-button-icon\">\n\t\t\t\t<svg xmlns=\"http:\/\/www.w3.org\/2000\/svg\" id=\"Layer_1\" data-name=\"Layer 1\" viewbox=\"0 0 24 24\" width=\"512\" height=\"512\"><path d=\"M18,24H6c-3.309,0-6-2.691-6-6V2.5C0,1.121,1.121,0,2.5,0h1.29c1.169,0,2.196,.829,2.443,1.971l1.851,8.534s3.121-3.108,3.149-3.131c.515-.414,1.207-.491,1.802-.204,.595,.286,.965,.874,.965,1.534v.888s2.205-2.195,2.233-2.218c.515-.414,1.206-.491,1.802-.204,.595,.286,.965,.874,.965,1.534v.888s2.205-2.195,2.233-2.218c.515-.414,1.207-.491,1.802-.204,.595,.286,.965,.874,.965,1.534v9.296c0,3.309-2.691,6-6,6ZM2.5,2c-.275,0-.5,.225-.5,.5v15.5c0,2.206,1.794,4,4,4h12c2.206,0,4-1.794,4-4V9.425l-3.294,3.283c-.286,.285-.715,.368-1.09,.216-.373-.155-.616-.52-.616-.924v-2.575l-3.294,3.283c-.287,.285-.717,.368-1.09,.216-.373-.155-.616-.52-.616-.924v-2.575l-3.294,3.283c-.188,.188-.441,.292-.706,.292h-.615c-.471,0-.878-.328-.978-.788L4.278,2.395c-.049-.229-.255-.395-.488-.395h-1.29Zm7.5,16v-1c0-.552-.448-1-1-1h-1c-.552,0-1,.448-1,1v1c0,.552,.448,1,1,1h1c.552,0,1-.448,1-1Zm5,0v-1c0-.552-.448-1-1-1h-1c-.552,0-1,.448-1,1v1c0,.552,.448,1,1,1h1c.552,0,1-.448,1-1Zm5,0v-1c0-.552-.448-1-1-1h-1c-.552,0-1,.448-1,1v1c0,.552,.448,1,1,1h1c.552,0,1-.448,1-1Z\"><\/path><\/svg>\t\t\t<\/span>\n\t\t\t\t\t\t\t\t\t<span class=\"elementor-button-text\">End\u00fcstriyel<\/span>\n\t\t\t\t\t<\/span>\n\t\t\t\t\t<\/a>\n\t\t\t\t\t\t\t\t<\/div>\n\t\t\t\t<div class=\"elementor-element elementor-element-92bc1f9 elementor-mobile-align-justify empty-label elementor-widget elementor-widget-button\" data-id=\"92bc1f9\" data-element_type=\"widget\" data-e-type=\"widget\" data-widget_type=\"button.default\">\n\t\t\t\t\t\t\t\t\t\t<a class=\"elementor-button elementor-button-link elementor-size-sm\" href=\"https:\/\/www.mithrapack.com.tr\/de\/gida-ambalajlari\/\">\n\t\t\t\t\t\t<span class=\"elementor-button-content-wrapper\">\n\t\t\t\t\t\t<span class=\"elementor-button-icon\">\n\t\t\t\t<svg xmlns=\"http:\/\/www.w3.org\/2000\/svg\" id=\"Layer_1\" data-name=\"Layer 1\" viewbox=\"0 0 24 24\" width=\"512\" height=\"512\"><path d=\"M23.194,11.6a3.942,3.942,0,0,0-2.143-1.447,21.606,21.606,0,0,0,.922-3.731,3.008,3.008,0,0,0-3.4-3.392c-.126.017-.5.072-1.011.171A4.979,4.979,0,0,0,18,.968a1,1,0,1,0-2,.064,3.021,3.021,0,0,1-.289,1.4A3.894,3.894,0,0,0,15.1,1.352,4.006,4.006,0,0,0,11.5.034,3.8,3.8,0,0,0,9.5.8,3.939,3.939,0,0,0,7.233.01,3.949,3.949,0,0,0,4.348.887,4.028,4.028,0,0,0,3,3.782,4.1,4.1,0,0,0,3.73,6.248a4.951,4.951,0,0,0-1.7,4.288A3.967,3.967,0,0,0,.164,15.15a14.749,14.749,0,0,0,3.707,6.316A8.922,8.922,0,0,0,10.139,24h3.722a8.918,8.918,0,0,0,6.267-2.534,14.741,14.741,0,0,0,3.708-6.316A4,4,0,0,0,23.194,11.6ZM18.851,5.01A1.013,1.013,0,0,1,19.99,6.152,20.024,20.024,0,0,1,18.975,10H16.414l1.293-1.293a1,1,0,0,0-1.414-1.414L13.586,10H12.037a3.428,3.428,0,0,1,.976-2.9C13.44,6.669,15.077,5.5,18.851,5.01ZM5,3.849a2.026,2.026,0,0,1,.665-1.457A2.035,2.035,0,0,1,7.1,2.006a1.748,1.748,0,0,1,1.328.531A1.438,1.438,0,0,0,9.5,3.016h0a1.44,1.44,0,0,0,1.068-.482,1.64,1.64,0,0,1,1.156-.513,2.031,2.031,0,0,1,1.828.6A2.118,2.118,0,0,1,14,3.985c0,.065,0,.207,0,.207a6.446,6.446,0,0,0-3.228,2.563,4.916,4.916,0,0,0-5.284-1.5A2.064,2.064,0,0,1,5,3.849ZM4,10a3,3,0,0,1,6,0H4Zm17.916,4.589a12.919,12.919,0,0,1-3.2,5.46A6.9,6.9,0,0,1,13.861,22H10.139a6.909,6.909,0,0,1-4.857-1.951,12.917,12.917,0,0,1-3.2-5.46A2.019,2.019,0,0,1,2.406,12.8,1.978,1.978,0,0,1,4,12H20a1.978,1.978,0,0,1,1.6.8A2.019,2.019,0,0,1,21.916,14.589Z\"><\/path><\/svg>\t\t\t<\/span>\n\t\t\t\t\t\t\t\t\t<span class=\"elementor-button-text\">G\u0131da<\/span>\n\t\t\t\t\t<\/span>\n\t\t\t\t\t<\/a>\n\t\t\t\t\t\t\t\t<\/div>\n\t\t\t\t<div class=\"elementor-element elementor-element-b9ccb2f elementor-mobile-align-justify empty-label elementor-widget elementor-widget-button\" data-id=\"b9ccb2f\" data-element_type=\"widget\" data-e-type=\"widget\" data-widget_type=\"button.default\">\n\t\t\t\t\t\t\t\t\t\t<a class=\"elementor-button elementor-button-link elementor-size-sm\" href=\"https:\/\/www.mithrapack.com.tr\/de\/hijyen-ambalajlari\/\">\n\t\t\t\t\t\t<span class=\"elementor-button-content-wrapper\">\n\t\t\t\t\t\t<span class=\"elementor-button-icon\">\n\t\t\t\t<svg xmlns=\"http:\/\/www.w3.org\/2000\/svg\" id=\"Layer_1\" data-name=\"Layer 1\" viewbox=\"0 0 24 24\"><path d=\"m22.259,18.858c-.227-.09-.297-.172-.269-1.293.005-.183.01-9.065.01-9.065,0-4.767-2.196-8.5-5-8.5H5C2.196,0,0,3.733,0,8.5s2.196,8.5,5,8.5h3v2c0,2.757,2.243,5,5,5h8.347c1.463,0,2.653-1.19,2.653-2.654,0-1.088-.684-2.065-1.741-2.488Zm-2.259-10.358c0,3.831-1.581,6.5-3,6.5s-3-2.669-3-6.5,1.581-6.5,3-6.5,3,2.669,3,6.5Zm-18,0c0-3.831,1.581-6.5,3-6.5h8.745c-1.073,1.547-1.745,3.866-1.745,6.5s.671,4.953,1.745,6.5H5c-1.419,0-3-2.669-3-6.5Zm19.347,13.5h-8.347c-1.654,0-3-1.346-3-3v-2h7c1.135,0,2.17-.612,3-1.655,0,0-.005,2.003-.009,2.17-.028,1.083-.066,2.566,1.525,3.202.233.093.483.308.483.63,0,.36-.293.654-.653.654Zm-4.347-15c.552,0,1,.672,1,1.5s-.448,1.5-1,1.5-1-.672-1-1.5.448-1.5,1-1.5Z\"><\/path><\/svg>\t\t\t<\/span>\n\t\t\t\t\t\t\t\t\t<span class=\"elementor-button-text\">Hijyen<\/span>\n\t\t\t\t\t<\/span>\n\t\t\t\t\t<\/a>\n\t\t\t\t\t\t\t\t<\/div>\n\t\t\t\t<div class=\"elementor-element elementor-element-2d9ffd5 elementor-mobile-align-justify empty-label elementor-widget elementor-widget-button\" data-id=\"2d9ffd5\" data-element_type=\"widget\" data-e-type=\"widget\" data-widget_type=\"button.default\">\n\t\t\t\t\t\t\t\t\t\t<a class=\"elementor-button elementor-button-link elementor-size-sm\" href=\"https:\/\/www.mithrapack.com.tr\/de\/tekstil-ve-paketleme-ambalajlari\/\">\n\t\t\t\t\t\t<span class=\"elementor-button-content-wrapper\">\n\t\t\t\t\t\t<span class=\"elementor-button-icon\">\n\t\t\t\t<svg xmlns=\"http:\/\/www.w3.org\/2000\/svg\" id=\"Layer_1\" data-name=\"Layer 1\" viewbox=\"0 0 24 24\"><path d=\"m12,9c.553,0,1,.448,1,1v6c0,.553-.447,1-1,1s-1-.447-1-1v-6c0-.552.447-1,1-1Zm-7-.667c.553,0,1-.448,1-1V1c0-.552-.447-1-1-1s-1,.448-1,1v6.333c0,.552.447,1,1,1Zm3.657-.982c.944.378,2.025.649,3.343.649s2.399-.271,3.343-.649c.397-.159.657-.542.657-.969,0-.742-.764-1.26-1.44-.955-.759.343-1.56.572-2.56.572s-1.801-.229-2.56-.572c-.677-.305-1.44.212-1.44.955,0,.427.26.81.657.969Zm10.343.982c.553,0,1-.448,1-1V1c0-.552-.447-1-1-1s-1,.448-1,1v6.333c0,.552.447,1,1,1Zm3-3.333h1c.552,0,1-.448,1-1s-.448-1-1-1h-1c-.552,0-1,.448-1,1s.448,1,1,1ZM1,5h1c.552,0,1-.448,1-1s-.448-1-1-1h-1c-.552,0-1,.448-1,1s.448,1,1,1Zm11,0c.553,0,1-.448,1-1V1c0-.552-.447-1-1-1s-1,.448-1,1v3c0,.552.447,1,1,1Zm-2.5,7.194c0-.369-.2-.828-.529-.996-.345-.176-.689-.371-1.045-.575-1.329-.761-2.836-1.623-4.926-1.623H1c-.552,0-1,.448-1,1s.448,1,1,1h2c1.292,0,2.239.541,3.436,1.227.508.291,1.04.595,1.623.867.669.313,1.441-.161,1.441-.9Zm9.5.452c-.553,0-1,.447-1,1v9.354c0,.553.447,1,1,1s1-.447,1-1v-9.354c0-.553-.447-1-1-1Zm4,2.354h-1c-.552,0-1,.448-1,1s.448,1,1,1h1c.552,0,1-.448,1-1s-.448-1-1-1Zm0-6h-2c-2.09,0-3.597.862-4.926,1.623-.356.204-.7.399-1.045.575-.329.168-.529.627-.529.996,0,.739.771,1.213,1.441.9.583-.273,1.115-.576,1.623-.867,1.197-.686,2.144-1.227,3.436-1.227h2c.552,0,1-.448,1-1s-.448-1-1-1Zm-11,12c-.553,0-1,.447-1,1v1c0,.553.447,1,1,1s1-.447,1-1v-1c0-.553-.447-1-1-1Zm-7-8.354c-.553,0-1,.447-1,1v9.354c0,.553.447,1,1,1s1-.447,1-1v-9.354c0-.553-.447-1-1-1Zm-3,2.354h-1c-.552,0-1,.448-1,1s.448,1,1,1h1c.552,0,1-.448,1-1s-.448-1-1-1Zm12.56,2.428c-.759.343-1.56.572-2.56.572s-1.801-.229-2.56-.572c-.677-.305-1.44.212-1.44.955,0,.427.26.81.657.969.944.378,2.025.649,3.343.649s2.399-.271,3.343-.649c.397-.159.657-.542.657-.969,0-.742-.764-1.26-1.44-.955Z\"><\/path><\/svg>\t\t\t<\/span>\n\t\t\t\t\t\t\t\t\t<span class=\"elementor-button-text\">Tekstil &amp; Paketleme<\/span>\n\t\t\t\t\t<\/span>\n\t\t\t\t\t<\/a>\n\t\t\t\t\t\t\t\t<\/div>\n\t\t\t\t<\/div>\n\t\t\t\t<\/div>\n\t\t\t\t\t<\/div>\n\t\t\t\t<\/div>\n\t\t\t\t<\/div>\n\t\t\t\t\t<\/div>\n\t\t\t\t<\/div>\n\t\t<div class=\"elementor-element elementor-element-7838496 e-flex e-con-boxed e-con e-parent\" data-id=\"7838496\" data-element_type=\"container\" data-e-type=\"container\">\n\t\t\t\t\t<div class=\"e-con-inner\">\n\t\t<div class=\"elementor-element elementor-element-91049ed e-con-full e-flex e-con e-child\" data-id=\"91049ed\" data-element_type=\"container\" data-e-type=\"container\">\n\t\t<div class=\"elementor-element elementor-element-e62c278 e-con-full e-flex e-con e-child\" data-id=\"e62c278\" data-element_type=\"container\" data-e-type=\"container\" data-settings=\"{&quot;background_background&quot;:&quot;classic&quot;,&quot;animation&quot;:&quot;none&quot;}\">\n\t\t\t\t<div class=\"elementor-element elementor-element-bfb7999 elementor-widget elementor-widget-video\" data-id=\"bfb7999\" data-element_type=\"widget\" data-e-type=\"widget\" data-settings=\"{&quot;video_type&quot;:&quot;hosted&quot;,&quot;start&quot;:0,&quot;mute&quot;:&quot;yes&quot;,&quot;loop&quot;:&quot;yes&quot;,&quot;autoplay&quot;:&quot;yes&quot;,&quot;play_on_mobile&quot;:&quot;yes&quot;}\" data-widget_type=\"video.default\">\n\t\t\t\t\t\t\t<div class=\"e-hosted-video elementor-wrapper elementor-open-inline\">\n\t\t\t\t\t<video class=\"elementor-video\" src=\"https:\/\/mithrapack.com.tr\/wp-content\/uploads\/2025\/08\/mithrapack-ambalaj-clip-endustriyel-ambalajlar.mp4\" autoplay=\"\" loop=\"\" muted=\"muted\" playsinline=\"\" controlslist=\"nodownload\"><\/video>\n\t\t\t\t<\/div>\n\t\t\t\t\t\t<\/div>\n\t\t\t\t<div class=\"elementor-element elementor-element-0966f8a elementor-widget elementor-widget-heading\" data-id=\"0966f8a\" data-element_type=\"widget\" data-e-type=\"widget\" data-widget_type=\"heading.default\">\n\t\t\t\t\t<h2 class=\"elementor-heading-title elementor-size-default\">Industrielle Verpackungen<\/h2>\t\t\t\t<\/div>\n\t\t\t\t<div class=\"elementor-element elementor-element-caff42f elementor-widget elementor-widget-text-editor\" data-id=\"caff42f\" data-element_type=\"widget\" data-e-type=\"widget\" data-widget_type=\"text-editor.default\">\n\t\t\t\t\t\t\t\t\t<p data-start=\"127\" data-end=\"306\">Mit Paletten- und Kastenabdeckungen, Schrumpffolien, Sicherheitsb\u00e4ndern und Schwerlasttaschen sorgen wir f\u00fcr sichere Abl\u00e4ufe in Ihrem Betrieb.<\/p>\t\t\t\t\t\t\t\t<\/div>\n\t\t\t\t<div class=\"elementor-element elementor-element-b8d3c8f elementor-align-center elementor-widget elementor-widget-button\" data-id=\"b8d3c8f\" data-element_type=\"widget\" data-e-type=\"widget\" data-widget_type=\"button.default\">\n\t\t\t\t\t\t\t\t\t\t<a class=\"elementor-button elementor-button-link elementor-size-sm\" href=\"\/de\/endustriyel-ambalajlar\/\">\n\t\t\t\t\t\t<span class=\"elementor-button-content-wrapper\">\n\t\t\t\t\t\t<span class=\"elementor-button-icon\">\n\t\t\t\t<i aria-hidden=\"true\" class=\"material-icons md-arrow_outward\" data-md-icon=\"arrow_outward\"><\/i>\t\t\t<\/span>\n\t\t\t\t\t\t\t\t\t<span class=\"elementor-button-text\">ANSEHEN<\/span>\n\t\t\t\t\t<\/span>\n\t\t\t\t\t<\/a>\n\t\t\t\t\t\t\t\t<\/div>\n\t\t\t\t<\/div>\n\t\t<div class=\"elementor-element elementor-element-4b3eac7 e-con-full e-flex e-con e-child\" data-id=\"4b3eac7\" data-element_type=\"container\" data-e-type=\"container\" data-settings=\"{&quot;background_background&quot;:&quot;classic&quot;,&quot;animation&quot;:&quot;none&quot;}\">\n\t\t\t\t<div class=\"elementor-element elementor-element-90675cc elementor-widget elementor-widget-video\" data-id=\"90675cc\" data-element_type=\"widget\" data-e-type=\"widget\" data-settings=\"{&quot;video_type&quot;:&quot;hosted&quot;,&quot;start&quot;:0,&quot;mute&quot;:&quot;yes&quot;,&quot;loop&quot;:&quot;yes&quot;,&quot;autoplay&quot;:&quot;yes&quot;,&quot;play_on_mobile&quot;:&quot;yes&quot;}\" data-widget_type=\"video.default\">\n\t\t\t\t\t\t\t<div class=\"e-hosted-video elementor-wrapper elementor-open-inline\">\n\t\t\t\t\t<video class=\"elementor-video\" src=\"https:\/\/mithrapack.com.tr\/wp-content\/uploads\/2025\/08\/mithrapack-ambalaj-clip-gida-ambalajlari.mp4\" autoplay=\"\" loop=\"\" muted=\"muted\" playsinline=\"\" controlslist=\"nodownload\"><\/video>\n\t\t\t\t<\/div>\n\t\t\t\t\t\t<\/div>\n\t\t\t\t<div class=\"elementor-element elementor-element-4497a73 elementor-widget elementor-widget-heading\" data-id=\"4497a73\" data-element_type=\"widget\" data-e-type=\"widget\" data-widget_type=\"heading.default\">\n\t\t\t\t\t<h2 class=\"elementor-heading-title elementor-size-default\">Lebensmittelverpackungen<\/h2>\t\t\t\t<\/div>\n\t\t\t\t<div class=\"elementor-element elementor-element-818e7aa elementor-widget elementor-widget-text-editor\" data-id=\"818e7aa\" data-element_type=\"widget\" data-e-type=\"widget\" data-widget_type=\"text-editor.default\">\n\t\t\t\t\t\t\t\t\t<p data-start=\"440\" data-end=\"625\">Unsere Lebensmittelverpackungen bewahren die Frische, verl\u00e4ngern die Haltbarkeit und gew\u00e4hrleisten eine sichere Lagerung.<\/p>\t\t\t\t\t\t\t\t<\/div>\n\t\t\t\t<div class=\"elementor-element elementor-element-545d6f2 elementor-align-center elementor-widget elementor-widget-button\" data-id=\"545d6f2\" data-element_type=\"widget\" data-e-type=\"widget\" data-widget_type=\"button.default\">\n\t\t\t\t\t\t\t\t\t\t<a class=\"elementor-button elementor-button-link elementor-size-sm\" href=\"\/de\/gida-ambalajlari\/\">\n\t\t\t\t\t\t<span class=\"elementor-button-content-wrapper\">\n\t\t\t\t\t\t<span class=\"elementor-button-icon\">\n\t\t\t\t<i aria-hidden=\"true\" class=\"material-icons md-arrow_outward\" data-md-icon=\"arrow_outward\"><\/i>\t\t\t<\/span>\n\t\t\t\t\t\t\t\t\t<span class=\"elementor-button-text\">ANSEHEN<\/span>\n\t\t\t\t\t<\/span>\n\t\t\t\t\t<\/a>\n\t\t\t\t\t\t\t\t<\/div>\n\t\t\t\t<\/div>\n\t\t<div class=\"elementor-element elementor-element-9621748 e-con-full e-flex e-con e-child\" data-id=\"9621748\" data-element_type=\"container\" data-e-type=\"container\" data-settings=\"{&quot;background_background&quot;:&quot;classic&quot;,&quot;animation&quot;:&quot;none&quot;}\">\n\t\t\t\t<div class=\"elementor-element elementor-element-fa4ea07 elementor-widget elementor-widget-video\" data-id=\"fa4ea07\" data-element_type=\"widget\" data-e-type=\"widget\" data-settings=\"{&quot;video_type&quot;:&quot;hosted&quot;,&quot;start&quot;:0,&quot;mute&quot;:&quot;yes&quot;,&quot;loop&quot;:&quot;yes&quot;,&quot;autoplay&quot;:&quot;yes&quot;,&quot;play_on_mobile&quot;:&quot;yes&quot;}\" data-widget_type=\"video.default\">\n\t\t\t\t\t\t\t<div class=\"e-hosted-video elementor-wrapper elementor-open-inline\">\n\t\t\t\t\t<video class=\"elementor-video\" src=\"https:\/\/mithrapack.com.tr\/wp-content\/uploads\/2025\/08\/mithrapack-ambalaj-clip-hijyen-ambalajlari.mp4\" autoplay=\"\" loop=\"\" muted=\"muted\" playsinline=\"\" controlslist=\"nodownload\"><\/video>\n\t\t\t\t<\/div>\n\t\t\t\t\t\t<\/div>\n\t\t\t\t<div class=\"elementor-element elementor-element-56b4587 elementor-widget elementor-widget-heading\" data-id=\"56b4587\" data-element_type=\"widget\" data-e-type=\"widget\" data-widget_type=\"heading.default\">\n\t\t\t\t\t<h2 class=\"elementor-heading-title elementor-size-default\">Hygieneverpackungen<\/h2>\t\t\t\t<\/div>\n\t\t\t\t<div class=\"elementor-element elementor-element-9add1e6 elementor-widget elementor-widget-text-editor\" data-id=\"9add1e6\" data-element_type=\"widget\" data-e-type=\"widget\" data-widget_type=\"text-editor.default\">\n\t\t\t\t\t\t\t\t\t<p>Unsere aus hochwertigen Materialien gefertigten Verpackungen sch\u00fctzen die Hygiene Ihrer Produkte und gew\u00e4hrleisten eine sichere \u00dcbergabe an die Nutzer.<\/p>\t\t\t\t\t\t\t\t<\/div>\n\t\t\t\t<div class=\"elementor-element elementor-element-11b14bb elementor-align-center elementor-widget elementor-widget-button\" data-id=\"11b14bb\" data-element_type=\"widget\" data-e-type=\"widget\" data-widget_type=\"button.default\">\n\t\t\t\t\t\t\t\t\t\t<a class=\"elementor-button elementor-button-link elementor-size-sm\" href=\"\/de\/hijyen-ambalajlari\/\">\n\t\t\t\t\t\t<span class=\"elementor-button-content-wrapper\">\n\t\t\t\t\t\t<span class=\"elementor-button-icon\">\n\t\t\t\t<i aria-hidden=\"true\" class=\"material-icons md-arrow_outward\" data-md-icon=\"arrow_outward\"><\/i>\t\t\t<\/span>\n\t\t\t\t\t\t\t\t\t<span class=\"elementor-button-text\">ANSEHEN<\/span>\n\t\t\t\t\t<\/span>\n\t\t\t\t\t<\/a>\n\t\t\t\t\t\t\t\t<\/div>\n\t\t\t\t<\/div>\n\t\t<div class=\"elementor-element elementor-element-69e43bc e-con-full e-flex e-con e-child\" data-id=\"69e43bc\" data-element_type=\"container\" data-e-type=\"container\" data-settings=\"{&quot;background_background&quot;:&quot;classic&quot;,&quot;animation&quot;:&quot;none&quot;}\">\n\t\t\t\t<div class=\"elementor-element elementor-element-24bc98b elementor-widget elementor-widget-video\" data-id=\"24bc98b\" data-element_type=\"widget\" data-e-type=\"widget\" data-settings=\"{&quot;video_type&quot;:&quot;hosted&quot;,&quot;start&quot;:0,&quot;mute&quot;:&quot;yes&quot;,&quot;loop&quot;:&quot;yes&quot;,&quot;autoplay&quot;:&quot;yes&quot;,&quot;play_on_mobile&quot;:&quot;yes&quot;}\" data-widget_type=\"video.default\">\n\t\t\t\t\t\t\t<div class=\"e-hosted-video elementor-wrapper elementor-open-inline\">\n\t\t\t\t\t<video class=\"elementor-video\" src=\"https:\/\/mithrapack.com.tr\/wp-content\/uploads\/2025\/08\/mithrapack-tekstil-ve-paketleme-klip.mp4\" autoplay=\"\" loop=\"\" muted=\"muted\" playsinline=\"\" controlslist=\"nodownload\"><\/video>\n\t\t\t\t<\/div>\n\t\t\t\t\t\t<\/div>\n\t\t\t\t<div class=\"elementor-element elementor-element-b447dff elementor-widget elementor-widget-heading\" data-id=\"b447dff\" data-element_type=\"widget\" data-e-type=\"widget\" data-widget_type=\"heading.default\">\n\t\t\t\t\t<h2 class=\"elementor-heading-title elementor-size-default\">Textil- und Verpackungsl\u00f6sungen<\/h2>\t\t\t\t<\/div>\n\t\t\t\t<div class=\"elementor-element elementor-element-e317fce elementor-widget elementor-widget-text-editor\" data-id=\"e317fce\" data-element_type=\"widget\" data-e-type=\"widget\" data-widget_type=\"text-editor.default\">\n\t\t\t\t\t\t\t\t\t<p>Unsere Verpackungen f\u00fcr Textilien und Verpackungsl\u00f6sungen bieten innovative und langlebige L\u00f6sungen, um Qualit\u00e4t und Sicherheit Ihrer Produkte zu maximieren.<\/p>\t\t\t\t\t\t\t\t<\/div>\n\t\t\t\t<div class=\"elementor-element elementor-element-94fa3f8 elementor-align-center elementor-widget elementor-widget-button\" data-id=\"94fa3f8\" data-element_type=\"widget\" data-e-type=\"widget\" data-widget_type=\"button.default\">\n\t\t\t\t\t\t\t\t\t\t<a class=\"elementor-button elementor-button-link elementor-size-sm\" href=\"\/de\/tekstil-ve-paketleme-ambalajlari\/\">\n\t\t\t\t\t\t<span class=\"elementor-button-content-wrapper\">\n\t\t\t\t\t\t<span class=\"elementor-button-icon\">\n\t\t\t\t<i aria-hidden=\"true\" class=\"material-icons md-arrow_outward\" data-md-icon=\"arrow_outward\"><\/i>\t\t\t<\/span>\n\t\t\t\t\t\t\t\t\t<span class=\"elementor-button-text\">ANSEHEN<\/span>\n\t\t\t\t\t<\/span>\n\t\t\t\t\t<\/a>\n\t\t\t\t\t\t\t\t<\/div>\n\t\t\t\t<\/div>\n\t\t\t\t<\/div>\n\t\t\t\t\t<\/div>\n\t\t\t\t<\/div>\n\t\t\t\t<\/div>","protected":false},"excerpt":{"rendered":"<p>&#8230;<\/p>","protected":false},"author":1,"featured_media":0,"parent":0,"menu_order":0,"comment_status":"closed","ping_status":"closed","template":"elementor_header_footer","meta":{"footnotes":""},"class_list":["post-11375","page","type-page","status-publish","hentry"],"aioseo_notices":[],"jetpack_sharing_enabled":true,"_links":{"self":[{"href":"https:\/\/www.mithrapack.com.tr\/de\/wp-json\/wp\/v2\/pages\/11375","targetHints":{"allow":["GET"]}}],"collection":[{"href":"https:\/\/www.mithrapack.com.tr\/de\/wp-json\/wp\/v2\/pages"}],"about":[{"href":"https:\/\/www.mithrapack.com.tr\/de\/wp-json\/wp\/v2\/types\/page"}],"author":[{"embeddable":true,"href":"https:\/\/www.mithrapack.com.tr\/de\/wp-json\/wp\/v2\/users\/1"}],"replies":[{"embeddable":true,"href":"https:\/\/www.mithrapack.com.tr\/de\/wp-json\/wp\/v2\/comments?post=11375"}],"version-history":[{"count":24,"href":"https:\/\/www.mithrapack.com.tr\/de\/wp-json\/wp\/v2\/pages\/11375\/revisions"}],"predecessor-version":[{"id":13024,"href":"https:\/\/www.mithrapack.com.tr\/de\/wp-json\/wp\/v2\/pages\/11375\/revisions\/13024"}],"wp:attachment":[{"href":"https:\/\/www.mithrapack.com.tr\/de\/wp-json\/wp\/v2\/media?parent=11375"}],"curies":[{"name":"wp","href":"https:\/\/api.w.org\/{rel}","templated":true}]}}